{"id":2727,"date":"2025-09-18T18:30:28","date_gmt":"2025-09-18T18:30:28","guid":{"rendered":"https:\/\/alterpharma.net\/contact\/"},"modified":"2025-10-02T06:50:20","modified_gmt":"2025-10-02T06:50:20","slug":"contact","status":"publish","type":"page","link":"https:\/\/alterpharma.net\/sr\/contact\/","title":{"rendered":"Kontakt"},"content":{"rendered":"<div data-elementor-type=\"wp-page\" data-elementor-id=\"2727\" class=\"elementor elementor-2727\" data-elementor-post-type=\"page\">\n\t\t\t\t<div class=\"elementor-element elementor-element-2be70090 e-flex e-con-boxed e-con e-parent\" data-id=\"2be70090\" data-element_type=\"container\" data-e-type=\"container\" data-settings=\"{&quot;background_background&quot;:&quot;gradient&quot;,&quot;shape_divider_bottom&quot;:&quot;waves&quot;}\">\n\t\t\t\t\t<div class=\"e-con-inner\">\n\t\t\t\t<div class=\"elementor-shape elementor-shape-bottom\" aria-hidden=\"true\" data-negative=\"false\">\n\t\t\t<svg xmlns=\"http:\/\/www.w3.org\/2000\/svg\" viewbox=\"0 0 1000 100\" preserveaspectratio=\"none\">\n\t<path class=\"elementor-shape-fill\" d=\"M421.9,6.5c22.6-2.5,51.5,0.4,75.5,5.3c23.6,4.9,70.9,23.5,100.5,35.7c75.8,32.2,133.7,44.5,192.6,49.7\tc23.6,2.1,48.7,3.5,103.4-2.5c54.7-6,106.2-25.6,106.2-25.6V0H0v30.3c0,0,72,32.6,158.4,30.5c39.2-0.7,92.8-6.7,134-22.4\tc21.2-8.1,52.2-18.2,79.7-24.2C399.3,7.9,411.6,7.5,421.9,6.5z\"\/>\n<\/svg>\t\t<\/div>\n\t\t\t\t<div class=\"elementor-element elementor-element-4cc12d73 elementor-widget elementor-widget-heading\" data-id=\"4cc12d73\" data-element_type=\"widget\" data-e-type=\"widget\" data-widget_type=\"heading.default\">\n\t\t\t\t<div class=\"elementor-widget-container\">\n\t\t\t\t\t<h1 class=\"elementor-heading-title elementor-size-default\">Konraktirajte nas<\/h1>\t\t\t\t<\/div>\n\t\t\t\t<\/div>\n\t\t\t\t<div class=\"elementor-element elementor-element-180898d0 elementor-widget elementor-widget-heading\" data-id=\"180898d0\" data-element_type=\"widget\" data-e-type=\"widget\" data-widget_type=\"heading.default\">\n\t\t\t\t<div class=\"elementor-widget-container\">\n\t\t\t\t\t<h3 class=\"elementor-heading-title elementor-size-default\">Radujemo se va\u0161em javljanju<\/h3>\t\t\t\t<\/div>\n\t\t\t\t<\/div>\n\t\t\t\t\t<\/div>\n\t\t\t\t<\/div>\n\t\t<div class=\"elementor-element elementor-element-3a1d9062 e-flex e-con-boxed e-con e-parent\" data-id=\"3a1d9062\" data-element_type=\"container\" data-e-type=\"container\" data-settings=\"{&quot;background_background&quot;:&quot;classic&quot;}\">\n\t\t\t\t\t<div class=\"e-con-inner\">\n\t\t<div class=\"elementor-element elementor-element-b26a506 e-con-full e-flex e-con e-child\" data-id=\"b26a506\" data-element_type=\"container\" data-e-type=\"container\" data-settings=\"{&quot;background_background&quot;:&quot;classic&quot;}\">\n\t\t\t\t<div class=\"elementor-element elementor-element-13e372bf elementor-widget elementor-widget-ehp-form\" data-id=\"13e372bf\" data-element_type=\"widget\" data-e-type=\"widget\" data-settings=\"{&quot;button_width&quot;:&quot;33&quot;,&quot;button_shape&quot;:&quot;round&quot;,&quot;layout_preset&quot;:&quot;quick-connect&quot;,&quot;box_shape&quot;:&quot;sharp&quot;}\" data-widget_type=\"ehp-form.default\">\n\t\t\t\t<div class=\"elementor-widget-container\">\n\t\t\t\t\t\t\t<form class=\"has-shape-sharp shape-type-box ehp-form has-layout-preset-quick-connect\" name=\"New Form\" method=\"post\" id=\"\" action=\"\">\n\t\t\t\t\t<div class=\"ehp-form__text-container\">\n\t\t\t\t\t<\/div>\n\t\t\t\t\t<input type=\"hidden\" name=\"post_id\" value=\"2727\"\/>\n\t\t\t<input type=\"hidden\" name=\"form_id\" value=\"13e372bf\"\/>\n\t\t\t<input type=\"hidden\" name=\"referer_title\" value=\"Contact\"\/>\n\n\t\t\t\t\t\t\t<input type=\"hidden\" name=\"queried_id\" value=\"2727\"\/>\n\t\t\t\n\t\t\t<div class=\"ehp-form__content\">\n\t\t\t\t\t\t\t\t<div class=\"ehp-form__wrapper\">\n\t\t\t\t\t\t\t\t\t\t\t<div class=\"ehp-form__field-group is-field-type-text is-field-group-name has-width-100 has-shape-default\">\n\t\t\t\t\t\t\t\t\t\t\t\t\t\t\t<label for=\"form-field-name\" class=\"ehp-form__field-label elementor-screen-only\">\n\t\t\t\t\t\t\t\t\tName\t\t\t\t\t\t\t\t<\/label>\n\t\t\t\t\t\t\t\t\t\t\t\t\t\t\t\t\t<input size=\"1\" type=\"text\" name=\"form_fields[name]\" id=\"form-field-name\" class=\"ehp-form__field elementor-size-sm  elementor-field-textual\" placeholder=\"Ime i Prezime\">\n\t\t\t\t\t\t\t\t\t\t\t\t\t\t\t<\/div>\n\t\t\t\t\t\t\t\t\t\t\t<div class=\"ehp-form__field-group is-field-type-ehp-tel is-field-group-field_981c0a4 has-width-100 has-shape-default\">\n\t\t\t\t\t\t\t\t\t\t\t\t\t\t\t<label for=\"form-field-field_981c0a4\" class=\"ehp-form__field-label elementor-screen-only\">\n\t\t\t\t\t\t\t\t\tTelefon\t\t\t\t\t\t\t\t<\/label>\n\t\t\t\t\t\t\t\t\t\t<input size=\"1\" type=\"ehp-tel\" name=\"form_fields[field_981c0a4]\" id=\"form-field-field_981c0a4\" class=\"ehp-form__field elementor-size-sm  elementor-field-textual\" placeholder=\"Telefon\" pattern=\"[0-9()#&amp;+*\\-=.]+\" title=\"Only numbers and phone characters (#, -, *, etc) are accepted.\">\n\n\t\t\t\t\t\t\t\t<\/div>\n\t\t\t\t\t\t\t\t\t\t\t<div class=\"ehp-form__field-group is-field-type-email is-field-group-email has-width-100 is-field-required has-shape-default\">\n\t\t\t\t\t\t\t\t\t\t\t\t\t\t\t<label for=\"form-field-email\" class=\"ehp-form__field-label elementor-screen-only\">\n\t\t\t\t\t\t\t\t\tEmail\t\t\t\t\t\t\t\t<\/label>\n\t\t\t\t\t\t\t\t\t\t\t\t\t\t\t\t\t<input size=\"1\" type=\"email\" name=\"form_fields[email]\" id=\"form-field-email\" class=\"ehp-form__field elementor-size-sm  elementor-field-textual\" placeholder=\"Email\" required=\"required\" aria-required=\"true\">\n\t\t\t\t\t\t\t\t\t\t\t\t\t\t\t<\/div>\n\t\t\t\t\t\t\t\t\t\t\t<div class=\"ehp-form__field-group is-field-type-textarea is-field-group-message has-width-100 has-shape-default\">\n\t\t\t\t\t\t\t\t\t\t\t\t\t\t\t<label for=\"form-field-message\" class=\"ehp-form__field-label elementor-screen-only\">\n\t\t\t\t\t\t\t\t\tPi\u0161ite nam\t\t\t\t\t\t\t\t<\/label>\n\t\t\t\t\t\t\t\t<textarea class=\"elementor-field-textual ehp-form__field eph-form__textarea  elementor-size-sm\" name=\"form_fields[message]\" id=\"form-field-message\" rows=\"4\" placeholder=\"Pi\u0161ite nam\"><\/textarea>\t\t\t\t\t\t<\/div>\n\t\t\t\t\t\t\t\t\t\t\t\t<div class=\"ehp-form__submit-group has-width-33 has-button-align-flex-end\">\n\t\t\t<button class=\"has-shape-round shape-type-button ehp-form__button is-type-button\" type=\"submit\">\n\t\t\t\t\t\t\t\t\t<svg aria-hidden=\"true\" class=\"ehp-form__button-icon e-font-icon-svg e-fas-arrow-right\" viewbox=\"0 0 448 512\" xmlns=\"http:\/\/www.w3.org\/2000\/svg\"><path d=\"M190.5 66.9l22.2-22.2c9.4-9.4 24.6-9.4 33.9 0L441 239c9.4 9.4 9.4 24.6 0 33.9L246.6 467.3c-9.4 9.4-24.6 9.4-33.9 0l-22.2-22.2c-9.5-9.5-9.3-25 .4-34.3L311.4 296H24c-13.3 0-24-10.7-24-24v-32c0-13.3 10.7-24 24-24h287.4L190.9 101.2c-9.8-9.3-10-24.8-.4-34.3z\"><\/path><\/svg>\t\t\t\t\n\t\t\t\t\t\t\t\t\t<span class=\"ehp-form__button-text\">Send<\/span>\n\t\t\t\t\t\t\t<\/button>\n\t\t<\/div>\n\t\t\t\t\t\t<\/div>\n\t\t\t<\/div>\n\t\t\t<div class=\"ehp-form__overlay\"><\/div>\n\t\t<input type=\"hidden\" name=\"trp-form-language\" value=\"sr\"\/><\/form>\n\t\t\t\t\t\t<\/div>\n\t\t\t\t<\/div>\n\t\t\t\t<\/div>\n\t\t<div class=\"elementor-element elementor-element-704fbe64 e-con-full e-flex e-con e-child\" data-id=\"704fbe64\" data-element_type=\"container\" data-e-type=\"container\">\n\t\t\t\t<div class=\"elementor-element elementor-element-24d8c089 elementor-widget elementor-widget-heading\" data-id=\"24d8c089\" data-element_type=\"widget\" data-e-type=\"widget\" data-widget_type=\"heading.default\">\n\t\t\t\t<div class=\"elementor-widget-container\">\n\t\t\t\t\t<h2 class=\"elementor-heading-title elementor-size-default\">Stupite u kontakt sa nama<\/h2>\t\t\t\t<\/div>\n\t\t\t\t<\/div>\n\t\t\t\t<div class=\"elementor-element elementor-element-27138975 elementor-widget elementor-widget-heading\" data-id=\"27138975\" data-element_type=\"widget\" data-e-type=\"widget\" data-widget_type=\"heading.default\">\n\t\t\t\t<div class=\"elementor-widget-container\">\n\t\t\t\t\t<h3 class=\"elementor-heading-title elementor-size-default\">Hajde da se pove\u017eemo i razgovaramo o tome kako mo\u017eemo pomo\u0107i va\u0161em poslovanju<\/h3>\t\t\t\t<\/div>\n\t\t\t\t<\/div>\n\t\t\t\t<div class=\"elementor-element elementor-element-bf5560d elementor-widget elementor-widget-text-editor\" data-id=\"bf5560d\" data-element_type=\"widget\" data-e-type=\"widget\" data-widget_type=\"text-editor.default\">\n\t\t\t\t<div class=\"elementor-widget-container\">\n\t\t\t\t\t\t\t\t\t<p>Ovde smo da odgovorimo na va\u0161a pitanja, razgovaramo o va\u0161im ciljevima i istra\u017eimo na\u010dine na koje mo\u017eemo da radimo zajedno kako bismo o\u017eiveli va\u0161u viziju.<\/p>\t\t\t\t\t\t\t\t<\/div>\n\t\t\t\t<\/div>\n\t\t\t\t<\/div>\n\t\t\t\t\t<\/div>\n\t\t\t\t<\/div>\n\t\t<div class=\"elementor-element elementor-element-22836ff6 e-flex e-con-boxed e-con e-parent\" data-id=\"22836ff6\" data-element_type=\"container\" data-e-type=\"container\" data-settings=\"{&quot;background_background&quot;:&quot;classic&quot;}\">\n\t\t\t\t\t<div class=\"e-con-inner\">\n\t\t<div class=\"elementor-element elementor-element-1e2b51a0 e-con-full e-flex e-con e-child\" data-id=\"1e2b51a0\" data-element_type=\"container\" data-e-type=\"container\">\n\t\t\t\t<div class=\"elementor-element elementor-element-2f6c11df elementor-widget elementor-widget-heading\" data-id=\"2f6c11df\" data-element_type=\"widget\" data-e-type=\"widget\" data-settings=\"{&quot;motion_fx_motion_fx_scrolling&quot;:&quot;yes&quot;,&quot;motion_fx_translateY_effect&quot;:&quot;yes&quot;,&quot;motion_fx_translateY_speed&quot;:{&quot;unit&quot;:&quot;px&quot;,&quot;size&quot;:&quot;0.5&quot;,&quot;sizes&quot;:[]},&quot;motion_fx_translateY_affectedRange&quot;:{&quot;unit&quot;:&quot;%&quot;,&quot;size&quot;:&quot;&quot;,&quot;sizes&quot;:{&quot;start&quot;:&quot;0&quot;,&quot;end&quot;:&quot;50&quot;}},&quot;motion_fx_opacity_effect&quot;:&quot;yes&quot;,&quot;motion_fx_opacity_range&quot;:{&quot;unit&quot;:&quot;%&quot;,&quot;size&quot;:&quot;&quot;,&quot;sizes&quot;:{&quot;start&quot;:&quot;0&quot;,&quot;end&quot;:&quot;50&quot;}},&quot;motion_fx_opacity_direction&quot;:&quot;out-in&quot;,&quot;motion_fx_opacity_level&quot;:{&quot;unit&quot;:&quot;px&quot;,&quot;size&quot;:10,&quot;sizes&quot;:[]},&quot;motion_fx_devices&quot;:[&quot;desktop&quot;,&quot;tablet&quot;,&quot;mobile&quot;]}\" data-widget_type=\"heading.default\">\n\t\t\t\t<div class=\"elementor-widget-container\">\n\t\t\t\t\t<h4 class=\"elementor-heading-title elementor-size-default\">Hajde da se sretnemo<\/h4>\t\t\t\t<\/div>\n\t\t\t\t<\/div>\n\t\t\t\t<\/div>\n\t\t<div class=\"elementor-element elementor-element-cac2fb e-con-full e-flex e-con e-child\" data-id=\"cac2fb\" data-element_type=\"container\" data-e-type=\"container\" data-settings=\"{&quot;motion_fx_motion_fx_scrolling&quot;:&quot;yes&quot;,&quot;motion_fx_translateY_effect&quot;:&quot;yes&quot;,&quot;motion_fx_translateY_speed&quot;:{&quot;unit&quot;:&quot;px&quot;,&quot;size&quot;:&quot;1&quot;,&quot;sizes&quot;:[]},&quot;motion_fx_translateY_affectedRange&quot;:{&quot;unit&quot;:&quot;%&quot;,&quot;size&quot;:&quot;&quot;,&quot;sizes&quot;:{&quot;start&quot;:&quot;0&quot;,&quot;end&quot;:&quot;50&quot;}},&quot;motion_fx_opacity_effect&quot;:&quot;yes&quot;,&quot;motion_fx_opacity_range&quot;:{&quot;unit&quot;:&quot;%&quot;,&quot;size&quot;:&quot;&quot;,&quot;sizes&quot;:{&quot;start&quot;:&quot;0&quot;,&quot;end&quot;:&quot;50&quot;}},&quot;motion_fx_devices&quot;:[&quot;desktop&quot;,&quot;tablet&quot;],&quot;motion_fx_opacity_direction&quot;:&quot;out-in&quot;,&quot;motion_fx_opacity_level&quot;:{&quot;unit&quot;:&quot;px&quot;,&quot;size&quot;:10,&quot;sizes&quot;:[]}}\">\n\t\t<div class=\"elementor-element elementor-element-e94a43f e-con-full e-flex e-con e-child\" data-id=\"e94a43f\" data-element_type=\"container\" data-e-type=\"container\" data-settings=\"{&quot;background_background&quot;:&quot;classic&quot;}\">\n\t\t\t\t<div class=\"elementor-element elementor-element-2f98ffe elementor-view-default elementor-position-block-start elementor-mobile-position-block-start elementor-widget elementor-widget-icon-box\" data-id=\"2f98ffe\" data-element_type=\"widget\" data-e-type=\"widget\" data-widget_type=\"icon-box.default\">\n\t\t\t\t<div class=\"elementor-widget-container\">\n\t\t\t\t\t\t\t<div class=\"elementor-icon-box-wrapper\">\n\n\t\t\t\t\t\t<div class=\"elementor-icon-box-icon\">\n\t\t\t\t<span  class=\"elementor-icon\">\n\t\t\t\t<svg xmlns=\"http:\/\/www.w3.org\/2000\/svg\" id=\"bffe9e3b-c455-4940-8d89-69a49a55460f\" data-name=\"Layer 1\" width=\"75.0869\" height=\"66\" viewbox=\"0 0 75.0869 66\"><path id=\"b124f0a4-2d57-4ec2-a504-61dc8352ccd4\" data-name=\"Fill-1\" d=\"M53.3653,19.386c-9.8693,32.2855,6.1235,31.8329-7.1389,41.2306A29.1943,29.1943,0,0,1,5.3387,53.4179a29.7533,29.7533,0,0,1,7.1385-41.23C25.74,2.79,63.2345-12.8994,53.3653,19.386\" style=\"fill-rule:evenodd;opacity:0.05\"><\/path><path d=\"M75.0864,51.3619V16.2805l.0005-.0025-.0005-.0024V13.7721A8.7816,8.7816,0,0,0,66.3154,5H48.7714A8.7816,8.7816,0,0,0,40,13.7721v2.5032L40,16.278,40,16.2808V51.3616L40,51.3644,40,51.3671v5.01a8.7814,8.7814,0,0,0,8.771,8.771h17.544a8.7814,8.7814,0,0,0,8.771-8.771v-5.01l.0005-.0024ZM42.5054,17.531H72.58v32.58H42.5054Zm6.266-10.0249h17.544a6.2723,6.2723,0,0,1,6.265,6.266V15.025H42.5054V13.7721A6.2732,6.2732,0,0,1,48.7714,7.5061Zm17.544,55.136H48.7714a6.2723,6.2723,0,0,1-6.266-6.265v-3.76H72.58v3.76A6.2715,6.2715,0,0,1,66.3154,62.6421Z\" style=\"fill-rule:evenodd\"><\/path><path d=\"M57.5429,55.124A2.506,2.506,0,1,0,60.05,57.63,2.5086,2.5086,0,0,0,57.5429,55.124Z\" style=\"fill-rule:evenodd\"><\/path><path d=\"M53.7836,12.5188h7.519a1.253,1.253,0,0,0,0-2.506h-7.519a1.253,1.253,0,0,0,0,2.506Z\" style=\"fill-rule:evenodd\"><\/path><path d=\"M66.3651,12.5188a1.253,1.253,0,1,0,0-2.506H66.34a1.2422,1.2422,0,0,0-1.241,1.253A1.2642,1.2642,0,0,0,66.3651,12.5188Z\" style=\"fill-rule:evenodd\"><\/path><\/svg>\t\t\t\t<\/span>\n\t\t\t<\/div>\n\t\t\t\n\t\t\t\t\t\t<div class=\"elementor-icon-box-content\">\n\n\t\t\t\t\t\t\t\t\t<h3 class=\"elementor-icon-box-title\">\n\t\t\t\t\t\t<span  >\n\t\t\t\t\t\t\tPozovite nas\t\t\t\t\t\t<\/span>\n\t\t\t\t\t<\/h3>\n\t\t\t\t\n\t\t\t\t\t\t\t\t\t<p class=\"elementor-icon-box-description\">\n\t\t\t\t\t\tBoban Milovanovi\u0107: +381 60 300 70 30\nStefan Milovanovi\u0107: +381 65 5679 006\t\t\t\t\t<\/p>\n\t\t\t\t\n\t\t\t<\/div>\n\t\t\t\n\t\t<\/div>\n\t\t\t\t\t\t<\/div>\n\t\t\t\t<\/div>\n\t\t\t\t<\/div>\n\t\t<div class=\"elementor-element elementor-element-5deea29a e-con-full e-flex e-con e-child\" data-id=\"5deea29a\" data-element_type=\"container\" data-e-type=\"container\" data-settings=\"{&quot;background_background&quot;:&quot;classic&quot;}\">\n\t\t\t\t<div class=\"elementor-element elementor-element-3cb96f7b elementor-view-default elementor-position-block-start elementor-mobile-position-block-start elementor-widget elementor-widget-icon-box\" data-id=\"3cb96f7b\" data-element_type=\"widget\" data-e-type=\"widget\" data-widget_type=\"icon-box.default\">\n\t\t\t\t<div class=\"elementor-widget-container\">\n\t\t\t\t\t\t\t<div class=\"elementor-icon-box-wrapper\">\n\n\t\t\t\t\t\t<div class=\"elementor-icon-box-icon\">\n\t\t\t\t<span  class=\"elementor-icon\">\n\t\t\t\t<svg xmlns=\"http:\/\/www.w3.org\/2000\/svg\" id=\"f6ea2c0c-f2cb-411f-a76e-d9ff8e2e3e30\" data-name=\"Layer 1\" width=\"74.6425\" height=\"66\" viewbox=\"0 0 74.6425 66\"><path id=\"b905bc68-c760-43fd-b060-d8a17e0f3f05\" data-name=\"Fill-1-Copy-3\" d=\"M53.3653,19.386c-9.8693,32.2855,6.1235,31.8329-7.1389,41.2306A29.1943,29.1943,0,0,1,5.3387,53.4179a29.7533,29.7533,0,0,1,7.1385-41.23C25.74,2.79,63.2345-12.8994,53.3653,19.386\" style=\"fill-rule:evenodd;opacity:0.05\"><\/path><path id=\"bb480981-e87c-4874-81fd-4f52e72529de\" data-name=\"Fill-1\" d=\"M55.5,18.2726A10.2274,10.2274,0,1,0,65.7265,28.5,10.2386,10.2386,0,0,0,55.5,18.2726M55.5,41A12.5,12.5,0,1,1,68,28.5,12.5142,12.5142,0,0,1,55.5,41\" style=\"fill:#4632da;fill-rule:evenodd\"><\/path><path d=\"M55.5,16A12.5,12.5,0,1,0,68,28.5,12.5137,12.5137,0,0,0,55.5,16Zm0,22.7274A10.2274,10.2274,0,1,1,65.7266,28.5,10.2386,10.2386,0,0,1,55.5,38.7274Z\" style=\"fill-rule:evenodd\"><\/path><path d=\"M55.3212,8.7679A19.2859,19.2859,0,0,0,36,27.9747c0,18.57,17.8194,34.0981,18.5777,34.75a1.1416,1.1416,0,0,0,1.4865,0c.7582-.6519,18.5785-16.18,18.5785-34.75A19.2864,19.2864,0,0,0,55.3212,8.7679Zm0,51.5711c-3.3749-3.1558-17.0485-16.9039-17.0485-32.3643a17.0483,17.0483,0,0,1,34.096,0C72.3687,43.4188,58.6933,57.1805,55.3212,60.339Z\" style=\"fill-rule:evenodd\"><\/path><\/svg>\t\t\t\t<\/span>\n\t\t\t<\/div>\n\t\t\t\n\t\t\t\t\t\t<div class=\"elementor-icon-box-content\">\n\n\t\t\t\t\t\t\t\t\t<h3 class=\"elementor-icon-box-title\">\n\t\t\t\t\t\t<span  >\n\t\t\t\t\t\t\tMi smo na mapi\t\t\t\t\t\t<\/span>\n\t\t\t\t\t<\/h3>\n\t\t\t\t\n\t\t\t\t\t\t\t\t\t<p class=\"elementor-icon-box-description\">\n\t\t\t\t\t\tBulevar Zorana Djindjica 14\/7,\n11070 Novi Beograd,\nBeograd, Republika Srpska\t\t\t\t\t<\/p>\n\t\t\t\t\n\t\t\t<\/div>\n\t\t\t\n\t\t<\/div>\n\t\t\t\t\t\t<\/div>\n\t\t\t\t<\/div>\n\t\t\t\t<\/div>\n\t\t<div class=\"elementor-element elementor-element-621cbc74 e-con-full e-flex e-con e-child\" data-id=\"621cbc74\" data-element_type=\"container\" data-e-type=\"container\" data-settings=\"{&quot;background_background&quot;:&quot;classic&quot;}\">\n\t\t\t\t<div class=\"elementor-element elementor-element-44f600c elementor-view-default elementor-position-block-start elementor-mobile-position-block-start elementor-widget elementor-widget-icon-box\" data-id=\"44f600c\" data-element_type=\"widget\" data-e-type=\"widget\" data-widget_type=\"icon-box.default\">\n\t\t\t\t<div class=\"elementor-widget-container\">\n\t\t\t\t\t\t\t<div class=\"elementor-icon-box-wrapper\">\n\n\t\t\t\t\t\t<div class=\"elementor-icon-box-icon\">\n\t\t\t\t<span  class=\"elementor-icon\">\n\t\t\t\t<svg xmlns=\"http:\/\/www.w3.org\/2000\/svg\" id=\"b9eca3d6-28bc-461d-b7b7-78a67414a1df\" data-name=\"Layer 1\" width=\"75\" height=\"66\" viewbox=\"0 0 75 66\"><path id=\"e8e1efff-1bb1-451f-968d-97e93845e0a0\" data-name=\"Fill-1-Copy-4\" d=\"M53.3653,19.386c-9.8693,32.2855,6.1235,31.8329-7.1389,41.2306A29.1943,29.1943,0,0,1,5.3387,53.4179a29.7533,29.7533,0,0,1,7.1385-41.23C25.74,2.79,63.2345-12.8994,53.3653,19.386\" style=\"fill-rule:evenodd;opacity:0.05\"><\/path><path d=\"M74.52,9.2018a1.1278,1.1278,0,0,0-1.2084-.05l-42.75,24.75a1.1255,1.1255,0,0,0,.2074,2.0415l12.9666,4.3219,4.3228,12.9657A1.1249,1.1249,0,0,0,49.1258,54a.6243.6243,0,0,0,.07-.0027,1.1227,1.1227,0,0,0,1.0324-.9023l.2909-1.4544,5.1976-6.9316,10.9659,4.7016a1.149,1.149,0,0,0,.9778-.0467,1.1246,1.1246,0,0,0,.5727-.7936l6.7495-38.25A1.1291,1.1291,0,0,0,74.52,9.2018ZM66.964,15.4257,44.47,38.1367,33.85,34.5981ZM50.7214,40.74a1.102,1.102,0,0,0-.4491.6647L48.8529,48.5,45.957,39.8141,64.9214,20.6664Zm.7069,6.3562.7787-3.8924,1.62.6944Zm14.8352-.3147L53.1592,41.1647l18.78-26.545Z\" style=\"fill-rule:evenodd\"><\/path><path d=\"M22.9834,47.3458a1.1471,1.1471,0,0,0-1.6417,0,1.1957,1.1957,0,0,0-.0028,1.671q.844.8586,1.714,1.6739a1.15,1.15,0,0,0,1.6417-.0736,1.1976,1.1976,0,0,0-.0714-1.671C24.068,48.4313,23.5211,47.8956,22.9834,47.3458Z\" style=\"fill-rule:evenodd\"><\/path><path d=\"M38.9842,55.841l-.495.0112a14.0366,14.0366,0,0,1-2.7556-.2777,1.1066,1.1066,0,0,0-1.3042.8374,1.0772,1.0772,0,0,0,.8621,1.2694A16.4754,16.4754,0,0,0,38.4892,58l.5744-.01a1.0885,1.0885,0,0,0,1.0641-1.1143A1.148,1.148,0,0,0,38.9842,55.841Z\" style=\"fill-rule:evenodd\"><\/path><path d=\"M31.06,53.9176a26.9481,26.9481,0,0,1-2.895-1.7117,1.1225,1.1225,0,0,0-1.54.2683,1.0535,1.0535,0,0,0,.2761,1.4939,28.4675,28.4675,0,0,0,3.1394,1.854,1.1223,1.1223,0,0,0,1.49-.4568A1.0583,1.0583,0,0,0,31.06,53.9176Z\" style=\"fill-rule:evenodd\"><\/path><path d=\"M46.011,53.19a19.0115,19.0115,0,0,1-2.2052,1.1667,1.3984,1.3984,0,0,0-.7014,1.804A1.32,1.32,0,0,0,44.32,57a1.2389,1.2389,0,0,0,.5139-.111A21.1869,21.1869,0,0,0,47.35,55.5641a1.4116,1.4116,0,0,0,.4687-1.8842A1.29,1.29,0,0,0,46.011,53.19Z\" style=\"fill-rule:evenodd\"><\/path><\/svg>\t\t\t\t<\/span>\n\t\t\t<\/div>\n\t\t\t\n\t\t\t\t\t\t<div class=\"elementor-icon-box-content\">\n\n\t\t\t\t\t\t\t\t\t<h3 class=\"elementor-icon-box-title\">\n\t\t\t\t\t\t<span  >\n\t\t\t\t\t\t\tPi\u0161ite nam\t\t\t\t\t\t<\/span>\n\t\t\t\t\t<\/h3>\n\t\t\t\t\n\t\t\t\t\t\t\t\t\t<p class=\"elementor-icon-box-description\">\n\t\t\t\t\t\toffice@alterpharma.net\n\t\t\t\t\t<\/p>\n\t\t\t\t\n\t\t\t<\/div>\n\t\t\t\n\t\t<\/div>\n\t\t\t\t\t\t<\/div>\n\t\t\t\t<\/div>\n\t\t\t\t<\/div>\n\t\t\t\t<\/div>\n\t\t\t\t\t<\/div>\n\t\t\t\t<\/div>\n\t\t<div class=\"elementor-element elementor-element-52487550 e-flex e-con-boxed e-con e-parent\" data-id=\"52487550\" data-element_type=\"container\" data-e-type=\"container\" data-settings=\"{&quot;background_background&quot;:&quot;gradient&quot;,&quot;shape_divider_top&quot;:&quot;waves&quot;}\">\n\t\t\t\t\t<div class=\"e-con-inner\">\n\t\t\t\t<div class=\"elementor-shape elementor-shape-top\" aria-hidden=\"true\" data-negative=\"false\">\n\t\t\t<svg xmlns=\"http:\/\/www.w3.org\/2000\/svg\" viewbox=\"0 0 1000 100\" preserveaspectratio=\"none\">\n\t<path class=\"elementor-shape-fill\" d=\"M421.9,6.5c22.6-2.5,51.5,0.4,75.5,5.3c23.6,4.9,70.9,23.5,100.5,35.7c75.8,32.2,133.7,44.5,192.6,49.7\tc23.6,2.1,48.7,3.5,103.4-2.5c54.7-6,106.2-25.6,106.2-25.6V0H0v30.3c0,0,72,32.6,158.4,30.5c39.2-0.7,92.8-6.7,134-22.4\tc21.2-8.1,52.2-18.2,79.7-24.2C399.3,7.9,411.6,7.5,421.9,6.5z\"\/>\n<\/svg>\t\t<\/div>\n\t\t<div class=\"elementor-element elementor-element-7224729c e-con-full e-flex e-con e-child\" data-id=\"7224729c\" data-element_type=\"container\" data-e-type=\"container\">\n\t\t\t\t<div class=\"elementor-element elementor-element-393e5d3 elementor-widget elementor-widget-cta\" data-id=\"393e5d3\" data-element_type=\"widget\" data-e-type=\"widget\" data-settings=\"{&quot;primary_button_shape&quot;:&quot;round&quot;,&quot;cta_vertical_position&quot;:&quot;end&quot;,&quot;layout_preset&quot;:&quot;focus&quot;,&quot;box_shape&quot;:&quot;sharp&quot;}\" data-widget_type=\"cta.default\">\n\t\t\t\t<div class=\"elementor-widget-container\">\n\t\t\t\t\t\t\t<div class=\"has-shape-sharp shape-type-box ehp-cta has-preset-focus\">\n\t\t\t<div class=\"ehp-cta__overlay\"><\/div>\n\t\t\t<div class=\"ehp-cta__elements-container\">\n\t\t\t\t\t\t<div class=\"ehp-cta__text-container\">\n\t\t\t<h2 class=\"ehp-cta__heading\">\u017delite da saznate vi\u0161e o na\u0161im uslugama?<\/h2><p class=\"ehp-cta__description\">Hajde da popri\u010damo<\/p>\t\t<\/div>\n\t\t\t\t\t<div class=\"ehp-cta__ctas-container\">\n\t\t\t\t<div class=\"ehp-cta__buttons-wrapper\">\n\t\t\t\t\t\t\t<a class=\"has-shape-round shape-type-button ehp-button ehp-button--primary ehp-cta__button ehp-cta__button--primary is-type-button\" href=\"https:\/\/alterpharma.net\/sr\/contact\/\">\n\t\t\t<svg aria-hidden=\"true\" class=\"ehp-button__icon e-font-icon-svg e-fas-arrow-right\" 0=\"ehp-cta__button-icon\" viewbox=\"0 0 448 512\" xmlns=\"http:\/\/www.w3.org\/2000\/svg\"><path d=\"M190.5 66.9l22.2-22.2c9.4-9.4 24.6-9.4 33.9 0L441 239c9.4 9.4 9.4 24.6 0 33.9L246.6 467.3c-9.4 9.4-24.6 9.4-33.9 0l-22.2-22.2c-9.5-9.5-9.3-25 .4-34.3L311.4 296H24c-13.3 0-24-10.7-24-24v-32c0-13.3 10.7-24 24-24h287.4L190.9 101.2c-9.8-9.3-10-24.8-.4-34.3z\"><\/path><\/svg>\t\t<span class=\"ehp-button__text ehp-cta__button-text ehp-cta__button-text--primary\">\n\t\t\tNa\u0161e usluge\t\t\t\t<\/a>\n\t\t\t\t\t\t\t\t\t\t\t<\/div>\n\t\t\t<\/div>\n\t\t\t\t\t<\/div>\n\t\t<\/div>\n\t\t\t\t\t\t<\/div>\n\t\t\t\t<\/div>\n\t\t\t\t<\/div>\n\t\t<div class=\"elementor-element elementor-element-21351ac8 e-con-full e-flex e-con e-child\" data-id=\"21351ac8\" data-element_type=\"container\" data-e-type=\"container\">\n\t\t\t\t<div class=\"elementor-element elementor-element-7e59405b elementor-widget elementor-widget-image\" data-id=\"7e59405b\" data-element_type=\"widget\" data-e-type=\"widget\" data-widget_type=\"image.default\">\n\t\t\t\t<div class=\"elementor-widget-container\">\n\t\t\t\t\t\t\t\t\t\t\t\t\t\t\t<img fetchpriority=\"high\" decoding=\"async\" width=\"334\" height=\"555\" src=\"https:\/\/alterpharma.net\/wp-content\/uploads\/2025\/09\/Screenshot-2025-09-18-235145.png\" class=\"attachment-full size-full wp-image-2868\" alt=\"\" srcset=\"https:\/\/alterpharma.net\/wp-content\/uploads\/2025\/09\/Screenshot-2025-09-18-235145.png 334w, https:\/\/alterpharma.net\/wp-content\/uploads\/2025\/09\/Screenshot-2025-09-18-235145-181x300.png 181w, https:\/\/alterpharma.net\/wp-content\/uploads\/2025\/09\/Screenshot-2025-09-18-235145-7x12.png 7w\" sizes=\"(max-width: 334px) 100vw, 334px\" \/>\t\t\t\t\t\t\t\t\t\t\t\t\t\t\t<\/div>\n\t\t\t\t<\/div>\n\t\t\t\t<\/div>\n\t\t\t\t\t<\/div>\n\t\t\t\t<\/div>\n\t\t\t\t<\/div>","protected":false},"excerpt":{"rendered":"<p>Contact us We&#8217;d love to hear from you Get in touch with us Let\u2019s connect and talk about how we can help your business We\u2019re here to answer your questions, discuss your goals, and explore ways we can work together to bring your vision to life. Let\u05f3s meet Give us a call Boban Milovanovi\u0107: +381 [&hellip;]<\/p>","protected":false},"author":1,"featured_media":0,"parent":0,"menu_order":0,"comment_status":"closed","ping_status":"closed","template":"elementor_header_footer","meta":{"footnotes":""},"class_list":["post-2727","page","type-page","status-publish","hentry"],"_links":{"self":[{"href":"https:\/\/alterpharma.net\/sr\/wp-json\/wp\/v2\/pages\/2727","targetHints":{"allow":["GET"]}}],"collection":[{"href":"https:\/\/alterpharma.net\/sr\/wp-json\/wp\/v2\/pages"}],"about":[{"href":"https:\/\/alterpharma.net\/sr\/wp-json\/wp\/v2\/types\/page"}],"author":[{"embeddable":true,"href":"https:\/\/alterpharma.net\/sr\/wp-json\/wp\/v2\/users\/1"}],"replies":[{"embeddable":true,"href":"https:\/\/alterpharma.net\/sr\/wp-json\/wp\/v2\/comments?post=2727"}],"version-history":[{"count":16,"href":"https:\/\/alterpharma.net\/sr\/wp-json\/wp\/v2\/pages\/2727\/revisions"}],"predecessor-version":[{"id":3153,"href":"https:\/\/alterpharma.net\/sr\/wp-json\/wp\/v2\/pages\/2727\/revisions\/3153"}],"wp:attachment":[{"href":"https:\/\/alterpharma.net\/sr\/wp-json\/wp\/v2\/media?parent=2727"}],"curies":[{"name":"wp","href":"https:\/\/api.w.org\/{rel}","templated":true}]}}